{"id":8,"date":"2016-02-29T07:32:36","date_gmt":"2016-02-29T07:32:36","guid":{"rendered":"http:\/\/s170689643.onlinehome.us\/1provincialcontrols\/?page_id=8"},"modified":"2016-02-29T07:32:36","modified_gmt":"2016-02-29T07:32:36","slug":"about-us","status":"publish","type":"page","link":"https:\/\/provincialcontrols.com\/fr\/about-us\/","title":{"rendered":"\u00c0 propos de nous"},"content":{"rendered":"<p>Depuis notre cr\u00e9ation en 1986, nous fournissons des solutions d&#039;instrumentation, de produits d&#039;automatisation et de services aux industries de processus et de fabrication. Nous avons de nombreux leaders de l&#039;industrie comme clients fid\u00e8les.<\/p>\n<p>Provincial Controls se compose d&#039;une \u00e9quipe enthousiaste de professionnels dans le domaine de l&#039;instrumentation, des contr\u00f4les et de l&#039;automatisation. Un appel \u00e0 notre bureau vous permet de tirer parti non seulement de notre exp\u00e9rience, mais \u00e9galement de l&#039;exp\u00e9rience de nos partenaires de fabrication et de conseil, ce qui se traduit par une productivit\u00e9 et des \u00e9conomies accrues.<\/p>\n<p>Que vous soyez notre client de longue date ou pour la premi\u00e8re fois, nous nous engageons pleinement \u00e0 votre satisfaction. Nous avons l&#039;expertise n\u00e9cessaire pour travailler en \u00e9troite collaboration avec vous et fournir les produits et services de la plus haute qualit\u00e9 qui correspondent \u00e0 vos besoins et \u00e0 votre calendrier de processus.<\/p>","protected":false},"excerpt":{"rendered":"<p>Since our inception in 1986, we have been providing instrumentation, automation products and services solutions to Process and Manufacturing industries. We have many industry leaders as our loyal customers. Provincial Controls consists of an enthusiastic team of professionals in the field of instrumentation, controls and automation. A call to our office allows you to draw [&hellip;]<\/p>\n","protected":false},"author":1,"featured_media":0,"parent":0,"menu_order":0,"comment_status":"closed","ping_status":"closed","template":"","meta":{"_monsterinsights_skip_tracking":false,"_monsterinsights_sitenote_active":false,"_monsterinsights_sitenote_note":"","_monsterinsights_sitenote_category":0,"footnotes":""},"class_list":["post-8","page","type-page","status-publish","hentry"],"_links":{"self":[{"href":"https:\/\/provincialcontrols.com\/fr\/wp-json\/wp\/v2\/pages\/8","targetHints":{"allow":["GET"]}}],"collection":[{"href":"https:\/\/provincialcontrols.com\/fr\/wp-json\/wp\/v2\/pages"}],"about":[{"href":"https:\/\/provincialcontrols.com\/fr\/wp-json\/wp\/v2\/types\/page"}],"author":[{"embeddable":true,"href":"https:\/\/provincialcontrols.com\/fr\/wp-json\/wp\/v2\/users\/1"}],"replies":[{"embeddable":true,"href":"https:\/\/provincialcontrols.com\/fr\/wp-json\/wp\/v2\/comments?post=8"}],"version-history":[{"count":1,"href":"https:\/\/provincialcontrols.com\/fr\/wp-json\/wp\/v2\/pages\/8\/revisions"}],"predecessor-version":[{"id":257,"href":"https:\/\/provincialcontrols.com\/fr\/wp-json\/wp\/v2\/pages\/8\/revisions\/257"}],"wp:attachment":[{"href":"https:\/\/provincialcontrols.com\/fr\/wp-json\/wp\/v2\/media?parent=8"}],"curies":[{"name":"wp","href":"https:\/\/api.w.org\/{rel}","templated":true}]}}