{"id":23,"date":"2016-02-29T07:53:55","date_gmt":"2016-02-29T07:53:55","guid":{"rendered":"http:\/\/s170689643.onlinehome.us\/1provincialcontrols\/?page_id=23"},"modified":"2017-08-21T16:35:11","modified_gmt":"2017-08-21T16:35:11","slug":"careers","status":"publish","type":"page","link":"https:\/\/provincialcontrols.com\/fr\/careers\/","title":{"rendered":"Carri\u00e8res"},"content":{"rendered":"<p>Provincial Controls s&#039;engage \u00e0 fournir les meilleurs produits et services possibles pour nos clients. Nous recherchons des joueurs hautement motiv\u00e9s, ax\u00e9s sur le client, d\u00e9brouillards et \u00e9nerg\u00e9tiques pour les postes suivants. Nous aimerions avoir de vos nouvelles si vous cherchez un emploi aupr\u00e8s d&#039;une entreprise en pleine croissance qui offre:<\/p>\n<ul>\n<li>Salaire comp\u00e9titif<\/li>\n<li>Une opportunit\u00e9 importante pour le d\u00e9veloppement professionnel et personnel<\/li>\n<li>Un environnement bas\u00e9 sur le travail d&#039;\u00e9quipe<\/li>\n<li>Un environnement de travail positif, dynamique, stimulant et ouvert<\/li>\n<\/ul>\n<p><strong><u>Sp\u00e9cialiste de ventes: Bureau de Sarnia Toronto<\/u><\/strong><\/p>\n<p><strong><u>Date de publication: 1er mars 2016<\/u><\/strong><\/p>\n<p>Nous recherchons un sp\u00e9cialiste des ventes pour notre bureau de Sarnia, en Ontario. Les ant\u00e9c\u00e9dents et l&#039;exp\u00e9rience dans le domaine de vente \u00e0 l&#039;int\u00e9rieur et \/ ou ext\u00e9rieur et \/ ou de service \u00e0 la client\u00e8le relative \u00e0 l&#039;instrumentation, aux contr\u00f4les, au r\u00e9seautage et \u00e0 la communication sont n\u00e9cessaires. Contexte en processus La s\u00e9curit\u00e9 sera un gros avantage. Le candidat id\u00e9al aura des comp\u00e9tences et des aptitudes conviviales pour apprendre dans un environnement technique rapide.<\/p>\n<p>La responsabilit\u00e9 comprend le maintien et la croissance de notre client\u00e8le dans le sud de l&#039;ouest de l&#039;Ontario, la gestion des clients, l&#039;\u00e9tablissement et le suivi de devis, le traitement de nos fournisseurs et des droits de vente \u00e0 l &#039; int\u00e9rieur.<\/p>\n<p>Veuillez envoyer votre CV avec 2 r\u00e9f\u00e9rences \u00e0 Kalpen Vachharajani au <a href=\"mailto:kalpenv@provincialcontrols.com\">kalpenv@provincialcontrols.com<\/a> ou envoyer par fax: 519-336-8082<\/p>\n<p>&nbsp;<\/p>\n<p><strong><u>Sp\u00e9cialiste de vente ext\u00e9rieur<\/u><\/strong><\/p>\n<p><strong><u>Date de publication: 1er mars 2016e - Montr\u00e9al - Qu\u00e9bec<\/u><\/strong><\/p>\n<p>Nous recherchons une personne de vente ext\u00e9rieure pour la r\u00e9gion de Montr\u00e9al, au Qu\u00e9bec. Les ant\u00e9c\u00e9dents et l&#039;exp\u00e9rience dans le domaine des ventes hors ligne et \/ ou du service \u00e0 la client\u00e8le relative \u00e0 l&#039;instrumentation, aux contr\u00f4les, au r\u00e9seautage et \u00e0 la communication sont n\u00e9cessaires. Contexte en processus La s\u00e9curit\u00e9 sera un gros avantage. Le candidat id\u00e9al aura des comp\u00e9tences et des aptitudes conviviales pour apprendre dans un environnement technique rapide.<\/p>\n<p>La responsabilit\u00e9 comprend le maintien et la croissance de notre activit\u00e9 \u00e0 Montr\u00e9al et dans d&#039;autres r\u00e9gions du Qu\u00e9bec, en traitant avec les clients, en faisant des cours, en traitant nos fournisseurs, nous envoient, nous recevons et nous enverrons chez nos clients ainsi que des t\u00e2ches de gestion de bureau.<\/p>\n<p>La personne doit ma\u00eetriser le fran\u00e7ais et l&#039;anglais.<\/p>\n<p>Nous entretenons \u00e9galement une demande aupr\u00e8s d&#039;une personne qui ne s&#039;int\u00e9resse qu&#039;\u00e0 travailler \u00e0 temps partiel ou \u00e0 travailler comme agent de vente ind\u00e9pendant.<\/p>\n<p>Veuillez envoyer votre CV avec 2 r\u00e9f\u00e9rences \u00e0 Kalpen Vachharajani au<\/p>\n<p><a href=\"mailto:kalpenv@provincialcontrols.com\">kalpenv@provincialcontrols.com<\/a> ou envoyer par fax: 519-336-8082<\/p>\n<p>&nbsp;<\/p>\n<p><strong><u>Sp\u00e9cialiste de ventes ext\u00e9rieures: St.John&#039;s, Terre-Neuve<\/u><\/strong><\/p>\n<p><strong><u>Date de publication: 1er mars 2016<\/u><\/strong><\/p>\n<p>Nous recherchons une personne de vente \u00e0 l&#039;ext\u00e9rieur pour St. John&#039;s, Terre-Neuve. Les ant\u00e9c\u00e9dents et l&#039;exp\u00e9rience dans le domaine des ventes hors ligne et \/ ou du service \u00e0 la client\u00e8le relative \u00e0 l&#039;instrumentation, aux contr\u00f4les, au r\u00e9seautage et \u00e0 la communication sont n\u00e9cessaires. Contexte en processus La s\u00e9curit\u00e9 sera un gros avantage. Le candidat id\u00e9al aura des comp\u00e9tences et des aptitudes conviviales pour apprendre dans un environnement technique rapide.<\/p>\n<p>La responsabilit\u00e9 inclut la croissance de notre activit\u00e9 dans la r\u00e9gion de St. r\u00e9ception et la livraison \u00e0 nos clients ainsi que des t\u00e2ches de gestion de bureau.<\/p>\n<p>&nbsp;<\/p>\n<p><strong><u>Sp\u00e9cialiste de ventes ext\u00e9rieures: Halifax \/ Dartmouth, Nouvelle-\u00c9cosse<\/u><\/strong><\/p>\n<p><strong><u>Date de publication: 1er mars 2016<\/u><\/strong><\/p>\n<p>Nous recherchons une personne de vente ext\u00e9rieure pour la r\u00e9gion de Halifax \/ Dartmouth, en Nouvelle-\u00c9cosse. Le contexte et l&#039;exp\u00e9rience dans le domaine des ventes externes et \/ ou du service \u00e0 la client\u00e8le relative \u00e0 l&#039;installation, aux contr\u00f4les, au r\u00e9seautage et \u00e0 la communication sont n\u00e9cessaires. Contexte en processus La s\u00e9curit\u00e9 sera un gros avantage. Le candidat id\u00e9al aura des comp\u00e9tences et des aptitudes conviviales pour apprendre dans un environnement technique rapide.<\/p>\n<p>La responsabilit\u00e9 comprend la croissance de notre activit\u00e9 dans la r\u00e9gion de la Nouvelle-\u00c9cosse, du Nouveau-Brunswick et de l&#039;\u00ce.-P.-\u00c9., Traitant les clients, traitant nos fournisseurs, envois, r\u00e9ception et livraison aupr\u00e8s de nos clients ainsi que des t\u00e2ches de gestion de bureau.<\/p>\n<p>Nous entretenons \u00e9galement une demande aupr\u00e8s d&#039;une personne qui ne s&#039;int\u00e9resse qu&#039;\u00e0 travailler \u00e0 temps partiel ou \u00e0 travailler comme agent de vente ind\u00e9pendant.<\/p>\n<p>Veuillez envoyer votre CV avec 2 r\u00e9f\u00e9rences \u00e0 Kalpen Vachharajani au<\/p>\n<p>kalpenv@provincialcontrols.com<\/p>\n<p>ou envoyer par fax: 519-336-8082<\/p>","protected":false},"excerpt":{"rendered":"<p>Provincial Controls s&#8217;engage \u00e0 fournir les meilleurs produits et services possibles pour nos clients. Nous recherchons des joueurs hautement motiv\u00e9s, ax\u00e9s sur le client, d\u00e9brouillards et \u00e9nerg\u00e9tiques pour les postes suivants. Nous aimerions avoir de vos nouvelles si vous cherchez un emploi aupr\u00e8s d&#8217;une entreprise en pleine croissance qui offre: Salaire comp\u00e9titif Une opportunit\u00e9 importante [&hellip;]<\/p>\n","protected":false},"author":1,"featured_media":0,"parent":0,"menu_order":0,"comment_status":"closed","ping_status":"closed","template":"","meta":{"_monsterinsights_skip_tracking":false,"_monsterinsights_sitenote_active":false,"_monsterinsights_sitenote_note":"","_monsterinsights_sitenote_category":0,"footnotes":""},"class_list":["post-23","page","type-page","status-publish","hentry"],"_links":{"self":[{"href":"https:\/\/provincialcontrols.com\/fr\/wp-json\/wp\/v2\/pages\/23","targetHints":{"allow":["GET"]}}],"collection":[{"href":"https:\/\/provincialcontrols.com\/fr\/wp-json\/wp\/v2\/pages"}],"about":[{"href":"https:\/\/provincialcontrols.com\/fr\/wp-json\/wp\/v2\/types\/page"}],"author":[{"embeddable":true,"href":"https:\/\/provincialcontrols.com\/fr\/wp-json\/wp\/v2\/users\/1"}],"replies":[{"embeddable":true,"href":"https:\/\/provincialcontrols.com\/fr\/wp-json\/wp\/v2\/comments?post=23"}],"version-history":[{"count":1,"href":"https:\/\/provincialcontrols.com\/fr\/wp-json\/wp\/v2\/pages\/23\/revisions"}],"predecessor-version":[{"id":206,"href":"https:\/\/provincialcontrols.com\/fr\/wp-json\/wp\/v2\/pages\/23\/revisions\/206"}],"wp:attachment":[{"href":"https:\/\/provincialcontrols.com\/fr\/wp-json\/wp\/v2\/media?parent=23"}],"curies":[{"name":"wp","href":"https:\/\/api.w.org\/{rel}","templated":true}]}}