{"id":214,"date":"2017-08-21T16:52:18","date_gmt":"2017-08-21T16:52:18","guid":{"rendered":"http:\/\/s170689643.onlinehome.us\/1provincialcontrols\/?page_id=214"},"modified":"2026-02-25T01:05:21","modified_gmt":"2026-02-25T01:05:21","slug":"home-2","status":"publish","type":"page","link":"https:\/\/provincialcontrols.com\/fr\/","title":{"rendered":"Accueil"},"content":{"rendered":"<div style=\"font-size: 18px; font-weight: bold; background: #E47000; padding: 5px; color: #fff;\">Bienvenue chez Provincial Controls<\/div>\n<p>Provincial Controls est l&#039;un des principaux fournisseurs de produits et de services d&#039;instrumentation et d&#039;automatisation \u00e0 de nombreux types d&#039;industries depuis 1986. Soutenu par des personnes qualifi\u00e9es, exp\u00e9riment\u00e9es et d\u00e9vou\u00e9es, nous r\u00e9pondons aux besoins du march\u00e9 industriel.<\/p>\n<p>Nous repr\u00e9sentons les produits des fabricants reconnus comme chefs de file de l&#039;industrie dans leurs domaines respectifs.<\/p>\n<div style=\"width: 1280px;\" class=\"wp-video\"><video class=\"wp-video-shortcode\" id=\"video-214-1\" width=\"1280\" height=\"720\" preload=\"metadata\" controls=\"controls\"><source type=\"video\/mp4\" src=\"https:\/\/provincialcontrols.com\/wp-content\/uploads\/2026\/02\/Provincial-Controls-Movie-Presentation-Rev-5-With-Voice-Over.mp4?_=1\" \/><a href=\"https:\/\/provincialcontrols.com\/wp-content\/uploads\/2026\/02\/Provincial-Controls-Movie-Presentation-Rev-5-With-Voice-Over.mp4\">https:\/\/provincialcontrols.com\/wp-content\/uploads\/2026\/02\/Provincial-Controls-Movie-Presentation-Rev-5-With-Voice-Over.mp4<\/a><\/video><\/div>\n<table border=\"0\" width=\"98%\" cellspacing=\"0\" cellpadding=\"3\">\n<tbody>\n<tr>\n<td>\n<h3>Des produits<\/h3>\n<\/td>\n<td>\n<h3>Prestations de service<\/h3>\n<\/td>\n<\/tr>\n<tr>\n<td valign=\"top\">\n<ul>\n<li>Instrumentation<\/li>\n<li>Syst\u00e8mes de s\u00e9curit\u00e9<\/li>\n<li>D\u00e9tecteurs d&#039;incendie et de gaz<\/li>\n<li>Vannes, actionneurs et accessoires<\/li>\n<li>R\u00e9seau d&#039;instrumentation et communication<\/li>\n<li>Syst\u00e8mes de s\u00e9lecteur d&#039;air<\/li>\n<li>Panneaux de commande et bo\u00eetiers personnalis\u00e9s<\/li>\n<li>\u00c9quipement d&#039;\u00e9talonnage<\/li>\n<li>Consoles de salle de contr\u00f4le<\/li>\n<\/ul>\n<\/td>\n<td valign=\"top\">\n<ul>\n<li>Conception et fabrication de panneaux de contr\u00f4le<\/li>\n<li>Syst\u00e8mes d&#039;incendie et de gaz<\/li>\n<li>\u00c9talonnage d&#039;instruments et d&#039;\u00e9quipements \u00e9lectriques certifi\u00e9s<\/li>\n<li>Joint de membrane et remplissage et r\u00e9paration capillaires<\/li>\n<li>Conception et d\u00e9pannage du r\u00e9seau d&#039;instrumentation et de contr\u00f4le<\/li>\n<li>Conseil en s\u00e9curit\u00e9 du r\u00e9seau de contr\u00f4le<\/li>\n<li>Cycle de vie de s\u00e9curit\u00e9<\/li>\n<li>Automatisation des vannes<\/li>\n<\/ul>\n<\/td>\n<\/tr>\n<\/tbody>\n<\/table>\n<div style=\"font-size: 18px; font-weight: bold; background: #E47000; padding: 5px; color: #fff;\">T\u00e9l\u00e9chargements<\/div>\n<p><a href=\"https:\/\/provincialcontrols.com\/wp-content\/uploads\/2026\/02\/PC-Line-Card-Instrumentation-compressed.pdf\">Instrumentation de carte de ligne PC<\/a><\/p>\n<p><a href=\"https:\/\/provincialcontrols.com\/wp-content\/uploads\/2026\/02\/PC-Line-Card_Safety-Communication-compressed.pdf\">Carte de ligne PC_S\u00e9curit\u00e9 et communication<\/a><\/p>\n<p><a href=\"https:\/\/provincialcontrols.com\/wp-content\/uploads\/2026\/02\/PC-brochure-compressed.pdf\">Brochure PC<\/a><\/p>\n<p><a href=\"https:\/\/provincialcontrols.com\/wp-content\/uploads\/2026\/02\/PC-Line-Card-Service-compressed.pdf\">Service de carte de ligne PC<\/a><\/p>\n<p><a href=\"https:\/\/provincialcontrols.com\/wp-content\/uploads\/2026\/02\/PC-Line-Card-HIPPS-compressed.pdf\">Carte de ligne PC HIPPS<\/a><\/p>\n<p>&nbsp;<\/p>\n<div style=\"font-size: 18px; font-weight: bold; background: #E47000; padding: 5px; color: #fff;\">Des bureaux<\/div>\n<table style=\"width: 100%;\" width=\"100%\">\n<tbody>\n<tr>\n<td style=\"width: 33%;\" width=\"33%\"><strong>Bureau de Sarnia<\/strong><\/p>\n<p>864, rue Philip E.<br \/>\nSarnia, Ontario<br \/>\nN7T 1Z6<\/p>\n<p>T\u00e9l\u00e9phone: 519-336-7301<br \/>\nT\u00e9l\u00e9copieur: 519-336-8082<\/p>\n<p><iframe loading=\"lazy\" style=\"border: 0;\" src=\"https:\/\/www.google.com\/maps\/embed?pb=!1m18!1m12!1m3!1d2919.759519928923!2d-82.38113568498133!3d42.96227190485056!2m3!1f0!2f0!3f0!3m2!1i1024!2i768!4f13.1!3m3!1m2!1s0x8825832861cce829%3A0xdc4bee0f1cbde8e3!2sProvincial+Controls!5e0!3m2!1sen!2sca!4v1457042643892\" width=\"100%\" height=\"150\" frameborder=\"0\" allowfullscreen=\"allowfullscreen\"><\/iframe><\/td>\n<td style=\"width: 33%; vertical-align: top;\" width=\"33%\"><strong>Bureau d&#039;Edmonton<\/strong><\/p>\n<p>#216, 160 Broadway Boulevard<br \/>\nSherwood Park, Alberta<br \/>\nT8H 2A3<\/p>\n<p>&nbsp;<\/p>\n<p><iframe loading=\"lazy\" style=\"border: 0;\" src=\"https:\/\/www.google.com\/maps\/embed?pb=!1m18!1m12!1m3!1d2370.8568928356563!2d-113.3110521!3d53.5424694!2m3!1f0!2f0!3f0!3m2!1i1024!2i768!4f13.1!3m3!1m2!1s0x53a0162b120c7ec7%3A0x77af7ddd31810fd0!2s160%20Broadway%20Blvd%20%23216%2C%20Sherwood%20Park%2C%20AB%20T8H%201R4!5e0!3m2!1sen!2sca!4v1725995376332!5m2!1sen!2sca\" width=\"100%\" height=\"150\" allowfullscreen=\"allowfullscreen\"><span data-mce-type=\"bookmark\" style=\"display: inline-block; width: 0px; overflow: hidden; line-height: 0;\" class=\"mce_SELRES_start\"><\/span><\/iframe><\/td>\n<\/tr>\n<\/tbody>\n<\/table>\n<p>&nbsp;<\/p>","protected":false},"excerpt":{"rendered":"<p>Welcome to Provincial Controls Provincial Controls is a leading provider of instrumentation &amp; automation products and services to many different types of industries since 1986. Backed by the qualified, experienced and dedicated people we cater to the needs of the industrial market place. We represent the products from the manufacturers who are recognized as industry [&hellip;]<\/p>\n","protected":false},"author":1,"featured_media":0,"parent":0,"menu_order":0,"comment_status":"closed","ping_status":"closed","template":"","meta":{"_monsterinsights_skip_tracking":false,"_monsterinsights_sitenote_active":false,"_monsterinsights_sitenote_note":"","_monsterinsights_sitenote_category":0,"footnotes":""},"class_list":["post-214","page","type-page","status-publish","hentry"],"_links":{"self":[{"href":"https:\/\/provincialcontrols.com\/fr\/wp-json\/wp\/v2\/pages\/214","targetHints":{"allow":["GET"]}}],"collection":[{"href":"https:\/\/provincialcontrols.com\/fr\/wp-json\/wp\/v2\/pages"}],"about":[{"href":"https:\/\/provincialcontrols.com\/fr\/wp-json\/wp\/v2\/types\/page"}],"author":[{"embeddable":true,"href":"https:\/\/provincialcontrols.com\/fr\/wp-json\/wp\/v2\/users\/1"}],"replies":[{"embeddable":true,"href":"https:\/\/provincialcontrols.com\/fr\/wp-json\/wp\/v2\/comments?post=214"}],"version-history":[{"count":10,"href":"https:\/\/provincialcontrols.com\/fr\/wp-json\/wp\/v2\/pages\/214\/revisions"}],"predecessor-version":[{"id":397,"href":"https:\/\/provincialcontrols.com\/fr\/wp-json\/wp\/v2\/pages\/214\/revisions\/397"}],"wp:attachment":[{"href":"https:\/\/provincialcontrols.com\/fr\/wp-json\/wp\/v2\/media?parent=214"}],"curies":[{"name":"wp","href":"https:\/\/api.w.org\/{rel}","templated":true}]}}