{"id":204,"date":"2017-08-21T16:34:02","date_gmt":"2017-08-21T16:34:02","guid":{"rendered":"http:\/\/s170689643.onlinehome.us\/1provincialcontrols\/?page_id=204"},"modified":"2020-12-17T18:58:52","modified_gmt":"2020-12-17T18:58:52","slug":"careers-2","status":"publish","type":"page","link":"https:\/\/provincialcontrols.com\/fr\/careers-2\/","title":{"rendered":"Carri\u00e8res"},"content":{"rendered":"<p>Provincial Controls s&#039;engage \u00e0 fournir les meilleurs produits et services possibles \u00e0 ses clients. Nous recherchons des joueurs d&#039;\u00e9quipe hautement motiv\u00e9s, orient\u00e9s client, ing\u00e9nieux et \u00e9nergiques pour les postes suivants. Nous aimerions avoir de vos nouvelles si vous cherchez un emploi dans une entreprise en croissance qui offre:<\/p>\n<ul>\n<li>package salarial comp\u00e9titif<\/li>\n<li>opportunit\u00e9 significative de d\u00e9veloppement professionnel et personnel<\/li>\n<li>un environnement en \u00e9quipe<\/li>\n<li>un environnement de travail positif, dynamique, stimulant et ouvert<\/li>\n<\/ul>\n<hr \/>\n<p><u><strong>Sp\u00e9cialiste des ventes - Bureau de Sarnia, Ontario<\/strong><\/u><\/p>\n<p><strong>Date de publication: 1 d\u00e9cembre 2020<\/strong><\/p>\n<p>Nous recherchons un sp\u00e9cialiste des ventes pour notre bureau de Sarnia, en Ontario. Les ant\u00e9c\u00e9dents et l&#039;exp\u00e9rience dans le domaine des ventes internes et \/ ou externes et \/ ou du service \u00e0 la client\u00e8le li\u00e9s \u00e0 l&#039;instrumentation, aux contr\u00f4les, \u00e0 la mise en r\u00e9seau et \u00e0 la communication sont requis. Une exp\u00e9rience en s\u00e9curit\u00e9 des proc\u00e9d\u00e9s sera un gros plus. Le candidat id\u00e9al aura des comp\u00e9tences relationnelles agr\u00e9ables et une aptitude \u00e0 apprendre dans un environnement technique au rythme rapide.<\/p>\n<p>La responsabilit\u00e9 comprend le maintien et la croissance de notre client\u00e8le dans le sud-ouest de l&#039;Ontario, les relations avec les clients, l&#039;\u00e9tablissement et le suivi des devis, les relations avec nos fournisseurs et les t\u00e2ches de vente internes.<\/p>\n<p>Merci d&#039;envoyer votre CV avec 2 r\u00e9f\u00e9rences \u00e0 Kalpen Vachharajani \u00e0 <a href=\"mailto:kalpenv@provincialcontrols.com\">kalpenv@provincialcontrols.com<\/a> ou faxez-le \u00e0 <span class=\"skype_pnh_print_container\">519-336-8082<\/span><span class=\"skype_pnh_container\" dir=\"ltr\" tabindex=\"-1\"><span class=\"skype_pnh_mark\">begin_of_the_skype_highlighting<\/span> <span class=\"skype_pnh_highlighting_inactive_common\" dir=\"ltr\" title=\"Appelez ce num\u00e9ro de t\u00e9l\u00e9phone au Canada avec Skype: +15193368082\"><span class=\"skype_pnh_left_span\">\u00a0\u00a0<\/span><span class=\"skype_pnh_dropart_span\" title=\"Actions Skype\"><span class=\"skype_pnh_dropart_flag_span\">\u00a0\u00a0\u00a0\u00a0\u00a0\u00a0<\/span>\u00a0\u00a0\u00a0<\/span><span class=\"skype_pnh_textarea_span\"><span class=\"skype_pnh_text_span\">519-336-8082<\/span><\/span> <\/span>\u00a0<span class=\"skype_pnh_mark\">end_of_the_skype_highlighting<\/span><\/span><\/p>\n<hr align=\"center\" size=\"2\" width=\"100%\" \/>\n<p><strong>Vendeur externe - Toronto, Ontario<\/strong><\/p>\n<p><strong>Date de publication: 1 d\u00e9cembre 2020<\/strong><\/p>\n<p>Nous recherchons un vendeur externe pour la r\u00e9gion de Toronto, Ontario. Les ant\u00e9c\u00e9dents et l&#039;exp\u00e9rience dans le domaine des ventes ext\u00e9rieures et \/ ou du service \u00e0 la client\u00e8le li\u00e9s \u00e0 l&#039;instrumentation, aux contr\u00f4les, \u00e0 la mise en r\u00e9seau et \u00e0 la communication sont requis. Une exp\u00e9rience en s\u00e9curit\u00e9 des proc\u00e9d\u00e9s sera un gros plus. Le candidat id\u00e9al aura des comp\u00e9tences relationnelles agr\u00e9ables et une aptitude \u00e0 apprendre dans un environnement technique au rythme rapide.<\/p>\n<p>La responsabilit\u00e9 comprend le maintien et la croissance de nos activit\u00e9s \u00e0 Montr\u00e9al et dans d&#039;autres r\u00e9gions du Qu\u00e9bec, les relations avec les clients, l&#039;\u00e9tablissement et le suivi des devis, les relations avec nos fournisseurs, l&#039;exp\u00e9dition, la r\u00e9ception et la livraison \u00e0 nos clients ainsi que certaines t\u00e2ches de gestion de bureau.<\/p>\n<p>La personne doit parler couramment le fran\u00e7ais et l&#039;anglais.<\/p>\n<p>Nous prendrons \u00e9galement en charge une candidature d&#039;une personne qui ne souhaite travailler qu&#039;\u00e0 temps partiel ou travailler en tant qu&#039;agent commercial ind\u00e9pendant.<\/p>\n<p>Merci d&#039;envoyer votre CV avec 2 r\u00e9f\u00e9rences \u00e0 Kalpen Vachharajani \u00e0 <a href=\"mailto:kalpenv@provincialcontrols.com\">kalpenv@provincialcontrols.com<\/a> ou par t\u00e9l\u00e9copieur au 519-336-8082<\/p>\n<hr \/>\n<p><strong>Vendeur ext\u00e9rieur - Montr\u00e9al, Qu\u00e9bec<\/strong><\/p>\n<p><strong>Date de publication: 1 d\u00e9cembre 2020<\/strong><\/p>\n<p>Nous recherchons un vendeur ext\u00e9rieur pour la r\u00e9gion de Montr\u00e9al, Qu\u00e9bec. Les ant\u00e9c\u00e9dents et l&#039;exp\u00e9rience dans le domaine des ventes ext\u00e9rieures et \/ ou du service \u00e0 la client\u00e8le li\u00e9s \u00e0 l&#039;instrumentation, aux contr\u00f4les, \u00e0 la mise en r\u00e9seau et \u00e0 la communication sont requis. Une exp\u00e9rience en s\u00e9curit\u00e9 des proc\u00e9d\u00e9s sera un gros plus. Le candidat id\u00e9al aura des comp\u00e9tences relationnelles agr\u00e9ables et une aptitude \u00e0 apprendre dans un environnement technique au rythme rapide.<\/p>\n<p>La responsabilit\u00e9 comprend le maintien et la croissance de nos activit\u00e9s \u00e0 Montr\u00e9al et dans d&#039;autres r\u00e9gions du Qu\u00e9bec, les relations avec les clients, l&#039;\u00e9tablissement et le suivi des devis, les relations avec nos fournisseurs, l&#039;exp\u00e9dition, la r\u00e9ception et la livraison \u00e0 nos clients ainsi que certaines t\u00e2ches de gestion de bureau.<\/p>\n<p>La personne doit parler couramment le fran\u00e7ais et l&#039;anglais.<\/p>\n<p>Nous prendrons \u00e9galement en charge une candidature d&#039;une personne qui ne souhaite travailler qu&#039;\u00e0 temps partiel ou travailler en tant qu&#039;agent commercial ind\u00e9pendant.<\/p>\n<p>Merci d&#039;envoyer votre CV avec 2 r\u00e9f\u00e9rences \u00e0 Kalpen Vachharajani \u00e0 <a href=\"mailto:kalpenv@provincialcontrols.com\">kalpenv@provincialcontrols.com<\/a> ou par t\u00e9l\u00e9copieur au 519-336-8082<\/p>\n<hr align=\"center\" size=\"2\" width=\"100%\" \/>\n<p><strong><u>Vendeur externe - St.John&#039;s, Terre-Neuve<\/u><\/strong><\/p>\n<p><strong>Date de publication: 1 d\u00e9cembre 2020<\/strong><\/p>\n<p>Nous recherchons un vendeur externe pour la r\u00e9gion de St. John&#039;s, Terre-Neuve. Les ant\u00e9c\u00e9dents et l&#039;exp\u00e9rience dans le domaine des ventes ext\u00e9rieures et \/ ou du service \u00e0 la client\u00e8le li\u00e9s \u00e0 l&#039;instrumentation, aux contr\u00f4les, \u00e0 la mise en r\u00e9seau et \u00e0 la communication sont requis. Une exp\u00e9rience en s\u00e9curit\u00e9 des proc\u00e9d\u00e9s sera un gros plus. Le candidat id\u00e9al aura des comp\u00e9tences relationnelles agr\u00e9ables et une aptitude \u00e0 apprendre dans un environnement technique au rythme rapide.<\/p>\n<p>La responsabilit\u00e9 comprend la croissance de nos activit\u00e9s \u00e0 St.John&#039;s, dans la r\u00e9gion de Terre-Neuve dans les secteurs extrac\u00f4tiers et autres, les relations avec les clients, l&#039;\u00e9tablissement et le suivi des devis, les relations avec nos fournisseurs, l&#039;exp\u00e9dition, la r\u00e9ception et la livraison \u00e0 nos clients ainsi que certaines t\u00e2ches de gestion de bureau.<\/p>\n<p>Nous prendrons \u00e9galement en charge une candidature d&#039;une personne qui ne souhaite travailler qu&#039;\u00e0 temps partiel ou travailler en tant qu&#039;agent commercial ind\u00e9pendant.<\/p>\n<p>Merci d&#039;envoyer votre CV avec 2 r\u00e9f\u00e9rences \u00e0 Kalpen Vachharajani \u00e0 <a href=\"mailto:kalpenv@provincialcontrols.com\">kalpenv@provincialcontrols.com<\/a> ou par t\u00e9l\u00e9copieur au 519-336-8082<\/p>\n<div align=\"center\">\n<hr align=\"center\" size=\"2\" width=\"100%\" \/>\n<\/div>\n<p><strong>Vendeur externe - Halifax \/ Dartmouth, Nouvelle-\u00c9cosse<\/strong><\/p>\n<p><strong>Date de publication: 1 d\u00e9cembre 2020<\/strong><\/p>\n<p>Nous recherchons un vendeur externe pour la r\u00e9gion de Halifax \/ Dartmouth, Nouvelle-\u00c9cosse. Les ant\u00e9c\u00e9dents et l&#039;exp\u00e9rience dans le domaine des ventes externes et \/ ou du service \u00e0 la client\u00e8le li\u00e9s \u00e0 l&#039;instrumentation, aux contr\u00f4les, \u00e0 la mise en r\u00e9seau et \u00e0 la communication sont requis. Une exp\u00e9rience en s\u00e9curit\u00e9 des proc\u00e9d\u00e9s sera un gros plus. Le candidat id\u00e9al aura des comp\u00e9tences relationnelles agr\u00e9ables et une aptitude \u00e0 apprendre dans un environnement technique au rythme rapide.<\/p>\n<p>La responsabilit\u00e9 comprend la croissance de nos activit\u00e9s en Nouvelle-\u00c9cosse, au Nouveau-Brunswick et \u00e0 l&#039;\u00cele-du-Prince-\u00c9douard, les relations avec les clients, l&#039;\u00e9tablissement et le suivi des devis, les relations avec nos fournisseurs, l&#039;exp\u00e9dition, la r\u00e9ception et la livraison \u00e0 nos clients ainsi que certaines t\u00e2ches de gestion de bureau.<\/p>\n<p>Nous prendrons \u00e9galement en charge une candidature d&#039;une personne qui ne souhaite travailler qu&#039;\u00e0 temps partiel ou travailler en tant qu&#039;agent commercial ind\u00e9pendant.<\/p>\n<p>Merci d&#039;envoyer votre CV avec 2 r\u00e9f\u00e9rences \u00e0 Kalpen Vachharajani \u00e0 <a href=\"mailto:kalpenv@provincialcontrols.com\">kalpenv@provincialcontrols.com<\/a> ou par t\u00e9l\u00e9copieur au 519-336-8082<\/p>","protected":false},"excerpt":{"rendered":"<p>Provincial Controls is committed to providing the best possible products and services for our clients. We are seeking highly motivated, customer oriented, resourceful, high energy team players for following positions. We would like to hear from you if you are seeking employment with a growing company that offers: competitive salary package significant opportunity for professional [&hellip;]<\/p>\n","protected":false},"author":1,"featured_media":0,"parent":0,"menu_order":0,"comment_status":"closed","ping_status":"closed","template":"","meta":{"_monsterinsights_skip_tracking":false,"_monsterinsights_sitenote_active":false,"_monsterinsights_sitenote_note":"","_monsterinsights_sitenote_category":0,"footnotes":""},"class_list":["post-204","page","type-page","status-publish","hentry"],"_links":{"self":[{"href":"https:\/\/provincialcontrols.com\/fr\/wp-json\/wp\/v2\/pages\/204","targetHints":{"allow":["GET"]}}],"collection":[{"href":"https:\/\/provincialcontrols.com\/fr\/wp-json\/wp\/v2\/pages"}],"about":[{"href":"https:\/\/provincialcontrols.com\/fr\/wp-json\/wp\/v2\/types\/page"}],"author":[{"embeddable":true,"href":"https:\/\/provincialcontrols.com\/fr\/wp-json\/wp\/v2\/users\/1"}],"replies":[{"embeddable":true,"href":"https:\/\/provincialcontrols.com\/fr\/wp-json\/wp\/v2\/comments?post=204"}],"version-history":[{"count":4,"href":"https:\/\/provincialcontrols.com\/fr\/wp-json\/wp\/v2\/pages\/204\/revisions"}],"predecessor-version":[{"id":313,"href":"https:\/\/provincialcontrols.com\/fr\/wp-json\/wp\/v2\/pages\/204\/revisions\/313"}],"wp:attachment":[{"href":"https:\/\/provincialcontrols.com\/fr\/wp-json\/wp\/v2\/media?parent=204"}],"curies":[{"name":"wp","href":"https:\/\/api.w.org\/{rel}","templated":true}]}}