{"id":201,"date":"2017-08-21T16:26:57","date_gmt":"2017-08-21T16:26:57","guid":{"rendered":"http:\/\/s170689643.onlinehome.us\/1provincialcontrols\/?page_id=201"},"modified":"2026-02-25T00:48:02","modified_gmt":"2026-02-25T00:48:02","slug":"resources-2","status":"publish","type":"page","link":"https:\/\/provincialcontrols.com\/fr\/resources-2\/","title":{"rendered":"Ressources"},"content":{"rendered":"<h3>Documents techniques et notes<\/h3>\n<p><a href=\"https:\/\/provincialcontrols.com\/wp-content\/uploads\/2016\/02\/Can-Ethernet-Do-It-Alone.pdf\" target=\"_blank\" rel=\"noopener noreferrer\">Ethernet peut-il le faire seul<\/a><\/p>\n<p><a href=\"https:\/\/provincialcontrols.com\/wp-content\/uploads\/2026\/02\/Seal-Pot-Installation-Guide.pdf\">Guide d&#039;installation du pot d&#039;\u00e9tanch\u00e9it\u00e9<\/a><\/p>\n<h3>Papiers blanc<\/h3>\n<p><a href=\"https:\/\/provincialcontrols.com\/wp-content\/uploads\/2017\/07\/HIMA-ARCview-June17_BMS.pdf\" target=\"_blank\" rel=\"noopener noreferrer\">HIMA \u00e9limine la confusion autour de la conformit\u00e9 aux normes de s\u00e9curit\u00e9 de la gestion des br\u00fbleurs<\/a><\/p>\n<p><a href=\"https:\/\/provincialcontrols.com\/wp-content\/uploads\/2017\/08\/53757HIMA_HART_WhitePaper2017.pdf\" target=\"_blank\" rel=\"noopener noreferrer\">S\u00fbret\u00e9 et s\u00e9curit\u00e9 par rapport \u00e0 HART en combinaison avec les syst\u00e8mes SIS<\/a><\/p>\n<p><a href=\"https:\/\/provincialcontrols.com\/wp-content\/uploads\/2017\/08\/CEESI_Testing_case-study.pdf\">\u00c9tude de cas CEESI_Testing<\/a><\/p>\n<p><a href=\"https:\/\/provincialcontrols.com\/wp-content\/uploads\/2017\/08\/How-big-are-your-flares.pdf\">Quelle est la taille de vos fus\u00e9es \u00e9clairantes<\/a><\/p>\n<p><a href=\"https:\/\/provincialcontrols.com\/wp-content\/uploads\/2017\/08\/Where-Flare-Measurement-Matters.pdf\">L\u00e0 o\u00f9 la mesure des reflets est importante<\/a><\/p>\n<h3>KONNECTION de Kalpen<\/h3>\n<p>Kalpen&#039;s Konnections est une collection de conseils pratiques de r\u00e9seautage et de communication que j&#039;ai appris \/ rassembl\u00e9s dans ma qu\u00eate pour apprendre \u00abtout\u00bb sur les communications industrielles. A chaque newsletter, j&#039;essaierai de transmettre ces \u00abconnaissances acquises et l\u00e9sions apprises\u00bb \u00e0 travers de nombreux d\u00e9jeuners manqu\u00e9s et des nuits blanches. Les communications de donn\u00e9es sont un sujet qui est sec comme une poussi\u00e8re d&#039;os, mais je vais essayer de le rendre aussi amusant et informatif que possible pour faciliter votre travail de gestion de ces \u00e9quipements sous vos soins. J&#039;appr\u00e9cierai vos commentaires, qu&#039;ils soient positifs ou n\u00e9gatifs.<\/p>\n<p>Merci de votre int\u00e9r\u00eat.<\/p>\n<p>Happy Konnections.<\/p>\n<p><a href=\"http:\/\/provincialcontrols.com\/wp-content\/uploads\/2020\/12\/Konnection-May-2020.pdf\">Konnection de Kalpen Mai 2020<\/a><\/p>\n<p><a href=\"http:\/\/provincialcontrols.com\/wp-content\/uploads\/2020\/12\/Konnection-July-2020.pdf\">Konnection de Kalpen Juillet 2020<\/a><\/p>","protected":false},"excerpt":{"rendered":"<p>Technical Papers &amp; Notes Can Ethernet Do It Alone Seal Pot Installation Guide White Papers HIMA Removes Confusion Around Burner Management Safety Standards Compliance Safety and Security with respect to HART\u00a0in combination with SIS systems CEESI_Testing Case Study How big are your flares Where Flare Measurement Matters Kalpen&#8217;s KONNECTION Kalpen&#8217;s Konnections is a collection of [&hellip;]<\/p>\n","protected":false},"author":1,"featured_media":0,"parent":0,"menu_order":0,"comment_status":"closed","ping_status":"closed","template":"","meta":{"_monsterinsights_skip_tracking":false,"_monsterinsights_sitenote_active":false,"_monsterinsights_sitenote_note":"","_monsterinsights_sitenote_category":0,"footnotes":""},"class_list":["post-201","page","type-page","status-publish","hentry"],"_links":{"self":[{"href":"https:\/\/provincialcontrols.com\/fr\/wp-json\/wp\/v2\/pages\/201","targetHints":{"allow":["GET"]}}],"collection":[{"href":"https:\/\/provincialcontrols.com\/fr\/wp-json\/wp\/v2\/pages"}],"about":[{"href":"https:\/\/provincialcontrols.com\/fr\/wp-json\/wp\/v2\/types\/page"}],"author":[{"embeddable":true,"href":"https:\/\/provincialcontrols.com\/fr\/wp-json\/wp\/v2\/users\/1"}],"replies":[{"embeddable":true,"href":"https:\/\/provincialcontrols.com\/fr\/wp-json\/wp\/v2\/comments?post=201"}],"version-history":[{"count":9,"href":"https:\/\/provincialcontrols.com\/fr\/wp-json\/wp\/v2\/pages\/201\/revisions"}],"predecessor-version":[{"id":388,"href":"https:\/\/provincialcontrols.com\/fr\/wp-json\/wp\/v2\/pages\/201\/revisions\/388"}],"wp:attachment":[{"href":"https:\/\/provincialcontrols.com\/fr\/wp-json\/wp\/v2\/media?parent=201"}],"curies":[{"name":"wp","href":"https:\/\/api.w.org\/{rel}","templated":true}]}}