{"id":198,"date":"2017-08-21T16:18:13","date_gmt":"2017-08-21T16:18:13","guid":{"rendered":"http:\/\/s170689643.onlinehome.us\/1provincialcontrols\/?page_id=198"},"modified":"2017-08-21T19:22:22","modified_gmt":"2017-08-21T19:22:22","slug":"services-2","status":"publish","type":"page","link":"https:\/\/provincialcontrols.com\/fr\/services-2\/","title":{"rendered":"Prestations de service"},"content":{"rendered":"<p>Nous sommes une soci\u00e9t\u00e9 de solutions globales qui fournit des solutions d&#039;application d&#039;instrumentation, de contr\u00f4le et d&#039;automatisation \u00e0 nos clients. Nous utilisons des outils et des technologies modernes pour fournir les solutions les plus efficaces pour vos applications. Nous avons l&#039;expertise n\u00e9cessaire pour fournir des services d&#039;instrumentation, de conception de contr\u00f4les et d&#039;automatisation et d&#039;int\u00e9gration de syst\u00e8mes, de conception de r\u00e9seaux d&#039;instrumentation et de services de d\u00e9pannage, de services de s\u00e9curit\u00e9 de r\u00e9seau de contr\u00f4le et de conception de syst\u00e8mes instrument\u00e9s de s\u00e9curit\u00e9, de documentation et d&#039;audit.<br \/>\n<a id=\"calibration\"><\/a><\/p>\n<h3>Services d&#039;\u00e9talonnage d&#039;instruments et d&#039;\u00e9quipements \u00e9lectriques certifi\u00e9s<\/h3>\n<p>Nous effectuons un \u00e9talonnage certifi\u00e9 et tra\u00e7able de\u2026<\/p>\n<ul>\n<li>\u00c9quipement standard d&#039;\u00e9talonnage primaire<\/li>\n<li>Instruments - \u00c9metteurs, commutateurs, capteurs de temp\u00e9rature, indicateurs<\/li>\n<li>Manom\u00e8tres et r\u00e9paration \/ entretien des manom\u00e8tres<\/li>\n<li>\u00c9quipement \u00e9lectrique - compteurs de tension et de courant, multim\u00e8tres<\/li>\n<li>Cl\u00e9s dynamom\u00e9triques<\/li>\n<li>\u00c9talonnages certifi\u00e9s sur site<\/li>\n<li>\u00c9talonnages certifi\u00e9s hors site<\/li>\n<\/ul>\n<p><a id=\"diaphragm\"><\/a><\/p>\n<h3>Services de remplissage et de r\u00e9paration des joints de diaphragme et des capillaires<\/h3>\n<ul>\n<li>Renouvellement et r\u00e9paration du joint de membrane<\/li>\n<li>R\u00e9paration capillaire et remplissage<\/li>\n<li>Assemblage du joint et \u00e9talonnage de l&#039;instrument<\/li>\n<\/ul>\n<p><a id=\"fire\"><\/a><\/p>\n<h3>Syst\u00e8mes d&#039;incendie et de gaz<\/h3>\n<p>Nous nous sp\u00e9cialisons dans\u2026<\/p>\n<ul>\n<li>\u00c9talonnage, test et r\u00e9paration de d\u00e9tecteurs de gaz industriels - D\u00e9tecteurs combustibles et toxiques, \u00e0 point fixe et \u00e0 circuit ouvert<\/li>\n<li>\u00c9talonnage, test et r\u00e9paration de moniteurs de gaz portables \/ personnels<\/li>\n<li>Validation et v\u00e9rification des d\u00e9tecteurs d&#039;incendie industriels<\/li>\n<li>Mise en \u0153uvre de syst\u00e8mes complets d&#039;incendie et de gaz<\/li>\n<li>Contr\u00f4les et entretien p\u00e9riodiques des syst\u00e8mes d&#039;incendie et de gaz<\/li>\n<li>Contrats d&#039;\u00e9talonnage et de maintenance sur site<\/li>\n<li>Alimentation en gaz d&#039;\u00e9talonnage<\/li>\n<\/ul>\n<p><a id=\"valve\"><\/a><\/p>\n<h3>Services d&#039;automatisation de vannes<\/h3>\n<p>Nous effectuons \u2026<\/p>\n<ul>\n<li>Automatisation des vannes quart de tour, multitour et lin\u00e9aire<\/li>\n<li>Automatisation des vannes pneumatiques et \u00e9lectriques<\/li>\n<li>Assemblage, test et \u00e9talonnage de la vanne de contr\u00f4le<\/li>\n<\/ul>\n<p><a id=\"controlpanel\"><\/a><\/p>\n<h3>Services de conception et de fabrication de panneaux de contr\u00f4le<\/h3>\n<p>Nous fournissons \u2026<\/p>\n<ul>\n<li>Services de conception, de fabrication et de remise \u00e0 neuf d&#039;instruments et de tableaux \u00e9lectriques<\/li>\n<li>Services de conception, de fabrication et de remise \u00e0 neuf de PLC et de panneaux de rassemblement<\/li>\n<li>Services de fabrication et de remise \u00e0 neuf de panneaux pneumatiques<\/li>\n<li>Conception et fabrication du syst\u00e8me de s\u00e9lecteur d&#039;air<\/li>\n<li>Conception et fabrication du syst\u00e8me d&#039;\u00e9chantillonnage de l&#039;analyseur<\/li>\n<\/ul>\n<p><a id=\"systems\"><\/a><\/p>\n<h3>Services d&#039;int\u00e9gration de syst\u00e8mes<\/h3>\n<p>Nous fournissons des services d\u2019int\u00e9gration de syst\u00e8mes experts en\u2026<\/p>\n<ul>\n<li>S\u00e9lection, dimensionnement, sp\u00e9cifications et approvisionnement d&#039;instrumentation de terrain et de salle de contr\u00f4le<\/li>\n<li>Documentation de conception et mise en service du syst\u00e8me d&#039;instrumentation<\/li>\n<li>Configuration, d\u00e9pannage et mise en service intelligents de l&#039;instrumentation<\/li>\n<li>Conception, programmation et impl\u00e9mentation de syst\u00e8mes PLC et SCADA<\/li>\n<li>Conception et mise en \u0153uvre d&#039;applications de transfert de garde<\/li>\n<li>Conception et mise en \u0153uvre de syst\u00e8mes de surveillance continue des \u00e9missions (CEM)<\/li>\n<\/ul>\n<p><a id=\"instrumentation\"><\/a><\/p>\n<h3>Services de conception et de d\u00e9pannage de r\u00e9seaux d&#039;instrumentation et de contr\u00f4le<\/h3>\n<p>Nous nous sp\u00e9cialisons dans\u2026<\/p>\n<ul>\n<li>S\u00e9lection du syst\u00e8me de bus de terrain adapt\u00e9 \u00e0 votre application<\/li>\n<li>Conception et mise en \u0153uvre du syst\u00e8me de bus de terrain<\/li>\n<li>Conception et d\u00e9pannage du r\u00e9seau d&#039;instrumentation<\/li>\n<li>Conception, sp\u00e9cification et mise en \u0153uvre du syst\u00e8me de fibre optique<\/li>\n<li>Formation et ateliers sur site<\/li>\n<\/ul>\n<p><a id=\"network\"><\/a><\/p>\n<h3>Contr\u00f4lez les services de conseil en s\u00e9curit\u00e9 du r\u00e9seau<\/h3>\n<p>Nous offrons \u2026<\/p>\n<ul>\n<li>Contr\u00f4lez l&#039;\u00e9valuation de la s\u00e9curit\u00e9 du r\u00e9seau<\/li>\n<li>\u00c9valuation des menaces du syst\u00e8me de contr\u00f4le<\/li>\n<li>Planification et gestion de la s\u00e9curit\u00e9<\/li>\n<li>Recommandations de s\u00e9curit\u00e9 physique et \u00e9lectronique<\/li>\n<li>Formation et ateliers sur site<\/li>\n<\/ul>\n<p><a id=\"cycle\"><\/a><\/p>\n<h3>Services de cycle de vie de s\u00e9curit\u00e9<\/h3>\n<p>Nous fournissons des services de s\u00e9curit\u00e9 d&#039;experts dans les domaines suivants\u2026<\/p>\n<ul>\n<li>Analyse des risques de processus - HAZOP, CHAZOP et analyse hypoth\u00e9tique<\/li>\n<li>Analyse LOPA \/ D\u00e9termination du niveau d&#039;int\u00e9grit\u00e9 de s\u00e9curit\u00e9 (SIL)<\/li>\n<li>V\u00e9rification SIL<\/li>\n<li>Justification SIL<\/li>\n<li>Pr\u00e9paration des sp\u00e9cifications des exigences de s\u00e9curit\u00e9<\/li>\n<li>Conception de syst\u00e8mes instrument\u00e9s de s\u00e9curit\u00e9 (SIS)<\/li>\n<li>Maintenance du SIS et d\u00e9veloppement de proc\u00e9dures de tests p\u00e9riodiques<\/li>\n<\/ul>","protected":false},"excerpt":{"rendered":"<p>We are a total solutions company that provides instrumentation, controls &amp; automation application solutions for our clients. We use modern tools &amp; technologies to provide most effective solutions for your applications. We have the necessary expertise to provide instrumentation, controls &amp; automation design &amp; systems integration services, instrumentation network design &amp; troubleshooting services, control network [&hellip;]<\/p>\n","protected":false},"author":1,"featured_media":0,"parent":0,"menu_order":0,"comment_status":"closed","ping_status":"closed","template":"","meta":{"_monsterinsights_skip_tracking":false,"_monsterinsights_sitenote_active":false,"_monsterinsights_sitenote_note":"","_monsterinsights_sitenote_category":0,"footnotes":""},"class_list":["post-198","page","type-page","status-publish","hentry"],"_links":{"self":[{"href":"https:\/\/provincialcontrols.com\/fr\/wp-json\/wp\/v2\/pages\/198","targetHints":{"allow":["GET"]}}],"collection":[{"href":"https:\/\/provincialcontrols.com\/fr\/wp-json\/wp\/v2\/pages"}],"about":[{"href":"https:\/\/provincialcontrols.com\/fr\/wp-json\/wp\/v2\/types\/page"}],"author":[{"embeddable":true,"href":"https:\/\/provincialcontrols.com\/fr\/wp-json\/wp\/v2\/users\/1"}],"replies":[{"embeddable":true,"href":"https:\/\/provincialcontrols.com\/fr\/wp-json\/wp\/v2\/comments?post=198"}],"version-history":[{"count":2,"href":"https:\/\/provincialcontrols.com\/fr\/wp-json\/wp\/v2\/pages\/198\/revisions"}],"predecessor-version":[{"id":246,"href":"https:\/\/provincialcontrols.com\/fr\/wp-json\/wp\/v2\/pages\/198\/revisions\/246"}],"wp:attachment":[{"href":"https:\/\/provincialcontrols.com\/fr\/wp-json\/wp\/v2\/media?parent=198"}],"curies":[{"name":"wp","href":"https:\/\/api.w.org\/{rel}","templated":true}]}}