{"id":14,"date":"2016-02-29T07:33:54","date_gmt":"2016-02-29T07:33:54","guid":{"rendered":"http:\/\/s170689643.onlinehome.us\/1provincialcontrols\/?page_id=14"},"modified":"2017-09-14T21:31:38","modified_gmt":"2017-09-14T21:31:38","slug":"resources","status":"publish","type":"page","link":"https:\/\/provincialcontrols.com\/fr\/resources\/","title":{"rendered":"Ressources"},"content":{"rendered":"<h3>Documents Techniques et Notes<\/h3>\n<p><a href=\"https:\/\/provincialcontrols.com\/wp-content\/uploads\/2016\/02\/Can-Ethernet-Do-It-Alone.pdf\">Ethernet peut-il le faire seul<\/a><\/p>\n<h3>Livre Blanc<\/h3>\n<p><a href=\"https:\/\/provincialcontrols.com\/wp-content\/uploads\/2017\/07\/HIMA-ARCview-June17_BMS.pdf\">HIMA \u00e9limine la confusion autour de la conformit\u00e9 aux normes de s\u00e9curit\u00e9 de la gestion des br\u00fbleurs<\/a><\/p>\n<p><a href=\"https:\/\/provincialcontrols.com\/wp-content\/uploads\/2017\/08\/53757HIMA_HART_WhitePaper2017.pdf\" target=\"_blank\" rel=\"noopener\">S\u00fbret\u00e9 et s\u00e9curit\u00e9 par rapport \u00e0 HART en combinaison avec les syst\u00e8mes SIS<\/a><\/p>\n<p><a href=\"https:\/\/provincialcontrols.com\/wp-content\/uploads\/2017\/08\/CEESI_Testing_case-study.pdf\">\u00c9tude de cas CEESI_Testing<\/a><\/p>\n<p><a href=\"https:\/\/provincialcontrols.com\/wp-content\/uploads\/2017\/08\/How-big-are-your-flares.pdf\">Quelle est la taille de vos fus\u00e9es \u00e9clairantes<\/a><\/p>\n<p><a href=\"https:\/\/provincialcontrols.com\/wp-content\/uploads\/2017\/08\/Where-Flare-Measurement-Matters.pdf\">L\u00e0 o\u00f9 la mesure des reflets est importante<\/a><\/p>\n<h3>Konnections de Kalpen<\/h3>\n<p>Les Konnections de Kalpen sont une collection de conseils pratiques en mati\u00e8re de r\u00e9seautage et de communication que j&#039;ai appris \/ collect\u00e9 dans ma qu\u00eate d&#039;apprendre \u00abtout\u00bb sur les communications industrielles. Chaque bulletin, je vais essayer de transmettre cette \u00abconnaissance acquise et les l\u00e9sions apprises\u00bb \u00e0 travers de nombreux d\u00e9jeuners manqu\u00e9s et des nuits blanches. La communication de donn\u00e9es est un sujet qui est sec en tant que poudre d&#039;os, mais je vais essayer de rendre aussi dr\u00f4le et informatif que possible pour faciliter votre travail de gestion de ces \u00e9quipements. J&#039;appr\u00e9cierai vos commentaires si c&#039;est positif ou n\u00e9gatif.<\/p>\n<p>Merci de votre int\u00e9r\u00eat.<\/p>","protected":false},"excerpt":{"rendered":"<p>Documents Techniques et Notes Can Ethernet Do It Alone Livre Blanc HIMA Removes Confusion Around Burner Management Safety Standards Compliance Safety and Security with respect to HART\u00a0in combination with SIS systems CEESI_Testing Case Study How big are your flares Where Flare Measurement Matters Konnections de Kalpen Les Konnections de Kalpen sont une collection de conseils [&hellip;]<\/p>\n","protected":false},"author":1,"featured_media":0,"parent":0,"menu_order":0,"comment_status":"closed","ping_status":"closed","template":"","meta":{"_monsterinsights_skip_tracking":false,"_monsterinsights_sitenote_active":false,"_monsterinsights_sitenote_note":"","_monsterinsights_sitenote_category":0,"footnotes":""},"class_list":["post-14","page","type-page","status-publish","hentry"],"_links":{"self":[{"href":"https:\/\/provincialcontrols.com\/fr\/wp-json\/wp\/v2\/pages\/14","targetHints":{"allow":["GET"]}}],"collection":[{"href":"https:\/\/provincialcontrols.com\/fr\/wp-json\/wp\/v2\/pages"}],"about":[{"href":"https:\/\/provincialcontrols.com\/fr\/wp-json\/wp\/v2\/types\/page"}],"author":[{"embeddable":true,"href":"https:\/\/provincialcontrols.com\/fr\/wp-json\/wp\/v2\/users\/1"}],"replies":[{"embeddable":true,"href":"https:\/\/provincialcontrols.com\/fr\/wp-json\/wp\/v2\/comments?post=14"}],"version-history":[{"count":8,"href":"https:\/\/provincialcontrols.com\/fr\/wp-json\/wp\/v2\/pages\/14\/revisions"}],"predecessor-version":[{"id":256,"href":"https:\/\/provincialcontrols.com\/fr\/wp-json\/wp\/v2\/pages\/14\/revisions\/256"}],"wp:attachment":[{"href":"https:\/\/provincialcontrols.com\/fr\/wp-json\/wp\/v2\/media?parent=14"}],"curies":[{"name":"wp","href":"https:\/\/api.w.org\/{rel}","templated":true}]}}