{"id":12,"date":"2016-02-29T07:33:20","date_gmt":"2016-02-29T07:33:20","guid":{"rendered":"http:\/\/s170689643.onlinehome.us\/1provincialcontrols\/?page_id=12"},"modified":"2017-08-21T16:20:45","modified_gmt":"2017-08-21T16:20:45","slug":"services","status":"publish","type":"page","link":"https:\/\/provincialcontrols.com\/fr\/services\/","title":{"rendered":"Prestations de service"},"content":{"rendered":"<p>Nous offrons des solutions d&#039;application d&#039;instrumentation, de contr\u00f4le et d&#039;automatisation pour nos clients. Nous utilisons des outils et des technologies modernes pour fournir des solutions les plus efficaces pour vos applications. Nous disposons de l&#039;expertise n\u00e9cessaire pour fournir des services d&#039;instrumentation, de contr\u00f4le et de conception d&#039;automatisme et d&#039;int\u00e9gration de syst\u00e8mes, des services de conception et de d\u00e9pannage de r\u00e9seaux d&#039;instruments, des services de s\u00e9curit\u00e9 de r\u00e9seau de contr\u00f4le et des services de conception, de documentation et d&#039;audit \u00e9quip\u00e9s de s\u00e9curit\u00e9.<\/p>\n<p><strong>Services d&#039;\u00e9talonnage d&#039;instruments et d&#039;\u00e9quipements \u00e9lectriques certifi\u00e9s<\/strong>\u00a0:<\/p>\n<p>Nous effectuons un \u00e9talonnage certifi\u00e9 et tra\u00e7able de:<\/p>\n<ul>\n<li>\u00c9quipement standard d&#039;\u00e9talonnage primaire<\/li>\n<li>Instruments - Transmetteurs, commutateurs, capteurs de temp\u00e9rature, indicateurs<\/li>\n<li>Manom\u00e8tres et r\u00e9paration \/ service des manom\u00e8tres<\/li>\n<li>\u00c9quipement \u00e9lectrique - Compteurs de tension et de courant, Multim\u00e8tres<\/li>\n<li>Cl\u00e9 dynamom\u00e9trique<\/li>\n<li>\u00c9talonnages certifi\u00e9s sur place<\/li>\n<li>\u00c9talonnages certifi\u00e9s hors site<\/li>\n<\/ul>\n<p><strong>Remplissage de diaphragme et services de remplissage et de r\u00e9paration capillaires<\/strong><\/p>\n<ul>\n<li>Renouvellement et r\u00e9paration des joints de diaphragme<\/li>\n<li>R\u00e9paration et remplissage capillaires<\/li>\n<li>Ensemble de joint et calibrage d&#039;instrument<\/li>\n<\/ul>\n<p><strong>Syst\u00e8mes d&#039;incendie et de gaz<\/strong><\/p>\n<p>Nous nous sp\u00e9cialisons dans\u2026<\/p>\n<ul>\n<li>\u00c9talonnage, essai et r\u00e9paration de d\u00e9tecteurs de gaz industriels - d\u00e9tecteurs combustibles et toxiques, \u00e0 point fixe et \u00e0 voie ouverte<\/li>\n<li>\u00c9talonnage, essai et r\u00e9paration de moniteurs de gaz portables \/ personnels<\/li>\n<li>Validation et contr\u00f4le des d\u00e9tecteurs d&#039;incendie industriels<\/li>\n<li>Mise en place de syst\u00e8mes complets d&#039;incendie et de gaz<\/li>\n<li>Contr\u00f4les p\u00e9riodiques et maintenance des syst\u00e8mes d&#039;incendie et de gaz<\/li>\n<li>Contrats d&#039;\u00e9talonnage et de maintenance sur site<\/li>\n<li>Alimentation en gaz d&#039;\u00e9talonnage<\/li>\n<\/ul>\n<p><strong>Services d&#039;automatisation de vannes<\/strong><\/p>\n<p>Nous effectuons\u2026<\/p>\n<ul>\n<li>Quart de tour, Multi-tour &amp; Automatisation de vanne lin\u00e9aire<\/li>\n<li>Automatisation des vannes pneumatiques et \u00e9lectriques<\/li>\n<li>Assemblage, essai et \u00e9talonnage des vannes de r\u00e9gulation<\/li>\n<\/ul>\n<p><strong>Services de conception et de fabrication de panneaux de commande<\/strong><\/p>\n<p>Nous fournissons\u2026<\/p>\n<ul>\n<li>Services de conception, de fabrication et de remise \u00e0 neuf<\/li>\n<li>PLC et Services de conception, de fabrication et de remise \u00e0 neuf<\/li>\n<li>Services de fabrication et de remise en \u00e9tat de panneaux pneumatiques<\/li>\n<li>Conception et fabrication de syst\u00e8mes de s\u00e9lecteurs d&#039;air<\/li>\n<li>Analyse de conception et de fabrication de syst\u00e8mes d&#039;\u00e9chantillons<\/li>\n<\/ul>\n<p><strong>Services d&#039;int\u00e9gration de syst\u00e8mes<\/strong><\/p>\n<p>Nous fournissons des services d&#039;int\u00e9gration de syst\u00e8mes experts en\u2026<\/p>\n<ul>\n<li>Choix, calibrage, sp\u00e9cification et approvisionnement de l&#039;instrumentation de salle et de champ et de contr\u00f4le<\/li>\n<li>Documentation et mise en service de la conception du syst\u00e8me d&#039;instrumentation<\/li>\n<li>Configuration intelligente de l&#039;instrumentation, d\u00e9pannage et mise en service<\/li>\n<li>Conception, programmation et mise en \u0153uvre du syst\u00e8me PLC &amp; SCADA<\/li>\n<li>Conception et mise en \u0153uvre des demandes de transfert de d\u00e9tention<\/li>\n<li>Conception et mise en \u0153uvre des syst\u00e8mes de surveillance continue des \u00e9missions (CEM)<\/li>\n<\/ul>\n<p><strong>Instrumentation et contr\u00f4le Services de conception et de d\u00e9pannage de r\u00e9seaux<\/strong><\/p>\n<p>Nous nous sp\u00e9cialisons dans\u2026<\/p>\n<ul>\n<li>S\u00e9lection du bon syst\u00e8me Fieldbus pour votre application<\/li>\n<li>Conception et mise en \u0153uvre du syst\u00e8me Fieldbus<\/li>\n<li>Conception et d\u00e9pannage du r\u00e9seau d&#039;instrumentation<\/li>\n<li>Conception, sp\u00e9cification et impl\u00e9mentation du syst\u00e8me de fibre optique<\/li>\n<li>Formation et ateliers sur site<\/li>\n<\/ul>\n<p><strong>Services de conseil en s\u00e9curit\u00e9 de r\u00e9seau de contr\u00f4le<\/strong><\/p>\n<p>Nous offrons\u2026:<\/p>\n<ul>\n<li>Contr\u00f4le de l&#039;\u00e9valuation de la s\u00e9curit\u00e9 du r\u00e9seau<\/li>\n<li>\u00c9valuation de la menace du syst\u00e8me de contr\u00f4le<\/li>\n<li>Planification et gestion de la s\u00e9curit\u00e9<\/li>\n<li>Recommandations de s\u00e9curit\u00e9 physiques et \u00e9lectroniques<\/li>\n<li>Formation et ateliers sur site<\/li>\n<\/ul>\n<p><strong>Services de s\u00e9curit\u00e9 du cycle de vie<\/strong><\/p>\n<p>Nous fournissons des services de s\u00e9curit\u00e9 sp\u00e9cialis\u00e9s dans les domaines suivants\u2026<\/p>\n<ul>\n<li>Analyze des risques li\u00e9s aux proc\u00e9d\u00e9s - HAZOP, CHAZOP et Analyze what-if<\/li>\n<li>Analyser LOPA \/ D\u00e9termination Niveau d&#039;int\u00e9grit\u00e9 de la s\u00e9curit\u00e9 (SIL)<\/li>\n<li>V\u00e9rification SIL<\/li>\n<li>Justification SIL<\/li>\n<li>Pr\u00e9paration des sp\u00e9cifications relatives aux exigences de s\u00e9curit\u00e9<\/li>\n<li>Conception des syst\u00e8mes instrument\u00e9s de s\u00e9curit\u00e9 (SIS)<\/li>\n<li>Entretien (SIS) et d\u00e9veloppement de la proc\u00e9dure de test p\u00e9riodique<\/li>\n<\/ul>","protected":false},"excerpt":{"rendered":"<p>Nous offrons\u00a0 des solutions d&#8217;application d&#8217;instrumentation, de contr\u00f4le et d&#8217;automatisation pour nos clients. Nous utilisons des outils et des technologies modernes pour fournir des solutions les plus efficaces pour vos applications. Nous disposons de l&#8217;expertise n\u00e9cessaire pour fournir des services d&#8217;instrumentation, de contr\u00f4le et de conception d&#8217;automatisme et d&#8217;int\u00e9gration de syst\u00e8mes, des services de conception [&hellip;]<\/p>\n","protected":false},"author":1,"featured_media":0,"parent":0,"menu_order":0,"comment_status":"closed","ping_status":"closed","template":"","meta":{"_monsterinsights_skip_tracking":false,"_monsterinsights_sitenote_active":false,"_monsterinsights_sitenote_note":"","_monsterinsights_sitenote_category":0,"footnotes":""},"class_list":["post-12","page","type-page","status-publish","hentry"],"_links":{"self":[{"href":"https:\/\/provincialcontrols.com\/fr\/wp-json\/wp\/v2\/pages\/12","targetHints":{"allow":["GET"]}}],"collection":[{"href":"https:\/\/provincialcontrols.com\/fr\/wp-json\/wp\/v2\/pages"}],"about":[{"href":"https:\/\/provincialcontrols.com\/fr\/wp-json\/wp\/v2\/types\/page"}],"author":[{"embeddable":true,"href":"https:\/\/provincialcontrols.com\/fr\/wp-json\/wp\/v2\/users\/1"}],"replies":[{"embeddable":true,"href":"https:\/\/provincialcontrols.com\/fr\/wp-json\/wp\/v2\/comments?post=12"}],"version-history":[{"count":4,"href":"https:\/\/provincialcontrols.com\/fr\/wp-json\/wp\/v2\/pages\/12\/revisions"}],"predecessor-version":[{"id":200,"href":"https:\/\/provincialcontrols.com\/fr\/wp-json\/wp\/v2\/pages\/12\/revisions\/200"}],"wp:attachment":[{"href":"https:\/\/provincialcontrols.com\/fr\/wp-json\/wp\/v2\/media?parent=12"}],"curies":[{"name":"wp","href":"https:\/\/api.w.org\/{rel}","templated":true}]}}